{"id":11,"date":"2025-11-10T16:39:59","date_gmt":"2025-11-10T16:39:59","guid":{"rendered":"http:\/\/aeno.studio\/?page_id=11"},"modified":"2025-11-14T11:39:46","modified_gmt":"2025-11-14T11:39:46","slug":"home","status":"publish","type":"page","link":"https:\/\/aeno.studio\/index.php\/home\/","title":{"rendered":""},"content":{"rendered":"\n<div class=\"wp-block-columns is-layout-flex wp-container-core-columns-is-layout-28f84493 wp-block-columns-is-layout-flex\">\n<div class=\"wp-block-column is-layout-flow wp-block-column-is-layout-flow\"><\/div>\n<\/div>\n\n\n\n<div class=\"wp-block-columns is-layout-flex wp-container-core-columns-is-layout-28f84493 wp-block-columns-is-layout-flex\">\n<div class=\"wp-block-column is-layout-flow wp-block-column-is-layout-flow\"><\/div>\n<\/div>\n\n\n\n<div class=\"wp-block-columns is-layout-flex wp-container-core-columns-is-layout-28f84493 wp-block-columns-is-layout-flex\">\n<div class=\"wp-block-column is-layout-flow wp-block-column-is-layout-flow\"><\/div>\n<\/div>\n\n\n\n<p class=\"has-text-align-center has-body-font-family\" style=\"font-size:clamp(1.403rem, 1.403rem + ((1vw - 0.2rem) * 1.495), 2.3rem);font-style:normal;font-weight:700\">Animacje 3D wn\u0119trz<\/p>\n\n\n\n<p>Tworzenie animacji w technologii 3D. Wszystko zaczyna si\u0119 od koncepcji, kolejne etapy to <strong>modelowanie<\/strong>, <strong>tekstury<\/strong>, <strong>\u015bwiat\u0142o<\/strong> i <strong>rendering<\/strong>.<\/p>\n\n\n\n<div class=\"wp-block-columns alignwide is-layout-flex wp-container-core-columns-is-layout-28f84493 wp-block-columns-is-layout-flex\">\n<div class=\"wp-block-column is-layout-flow wp-block-column-is-layout-flow\">\n<figure class=\"wp-block-image size-large\"><img fetchpriority=\"high\" decoding=\"async\" width=\"1024\" height=\"737\" src=\"https:\/\/aeno.studio\/wp-content\/uploads\/2025\/11\/b7ba01236903455.68f609193f1d1-1024x737.webp\" alt=\"\" class=\"wp-image-190\" srcset=\"https:\/\/aeno.studio\/wp-content\/uploads\/2025\/11\/b7ba01236903455.68f609193f1d1-1024x737.webp 1024w, https:\/\/aeno.studio\/wp-content\/uploads\/2025\/11\/b7ba01236903455.68f609193f1d1-300x216.webp 300w, https:\/\/aeno.studio\/wp-content\/uploads\/2025\/11\/b7ba01236903455.68f609193f1d1-768x553.webp 768w, https:\/\/aeno.studio\/wp-content\/uploads\/2025\/11\/b7ba01236903455.68f609193f1d1.webp 1400w\" sizes=\"(max-width: 1024px) 100vw, 1024px\" \/><\/figure>\n<\/div>\n\n\n\n<div class=\"wp-block-column is-layout-flow wp-block-column-is-layout-flow\">\n<figure class=\"wp-block-image size-large\"><img decoding=\"async\" width=\"1024\" height=\"737\" src=\"https:\/\/aeno.studio\/wp-content\/uploads\/2025\/11\/9a99e5236903455.68f609193e3e2-1024x737.webp\" alt=\"\" class=\"wp-image-192\" srcset=\"https:\/\/aeno.studio\/wp-content\/uploads\/2025\/11\/9a99e5236903455.68f609193e3e2-1024x737.webp 1024w, https:\/\/aeno.studio\/wp-content\/uploads\/2025\/11\/9a99e5236903455.68f609193e3e2-300x216.webp 300w, https:\/\/aeno.studio\/wp-content\/uploads\/2025\/11\/9a99e5236903455.68f609193e3e2-768x553.webp 768w, https:\/\/aeno.studio\/wp-content\/uploads\/2025\/11\/9a99e5236903455.68f609193e3e2.webp 1400w\" sizes=\"(max-width: 1024px) 100vw, 1024px\" \/><\/figure>\n<\/div>\n<\/div>\n\n\n\n<figure class=\"wp-block-embed alignwide is-type-video is-provider-youtube wp-block-embed-youtube wp-embed-aspect-16-9 wp-has-aspect-ratio\"><div class=\"wp-block-embed__wrapper\">\n<iframe title=\"Veltimo 3D Visualization\" width=\"500\" height=\"281\" src=\"https:\/\/www.youtube.com\/embed\/kXZJpFxMfCA?feature=oembed\" frameborder=\"0\" allow=\"accelerometer; autoplay; clipboard-write; encrypted-media; gyroscope; picture-in-picture; web-share\" referrerpolicy=\"strict-origin-when-cross-origin\" allowfullscreen><\/iframe>\n<\/div><\/figure>\n\n\n\n<div class=\"wp-block-group alignfull has-global-padding is-layout-constrained wp-block-group-is-layout-constrained\">\n<div class=\"wp-block-columns alignwide is-layout-flex wp-container-core-columns-is-layout-28f84493 wp-block-columns-is-layout-flex\">\n<div class=\"wp-block-column is-layout-flow wp-block-column-is-layout-flow\">\n<figure class=\"wp-block-image size-large\"><img decoding=\"async\" width=\"1024\" height=\"737\" src=\"https:\/\/aeno.studio\/wp-content\/uploads\/2025\/11\/f9f8d0236901607.68f600cc2a421-1024x737.webp\" alt=\"\" class=\"wp-image-195\" srcset=\"https:\/\/aeno.studio\/wp-content\/uploads\/2025\/11\/f9f8d0236901607.68f600cc2a421-1024x737.webp 1024w, https:\/\/aeno.studio\/wp-content\/uploads\/2025\/11\/f9f8d0236901607.68f600cc2a421-300x216.webp 300w, https:\/\/aeno.studio\/wp-content\/uploads\/2025\/11\/f9f8d0236901607.68f600cc2a421-768x553.webp 768w, https:\/\/aeno.studio\/wp-content\/uploads\/2025\/11\/f9f8d0236901607.68f600cc2a421.webp 1400w\" sizes=\"(max-width: 1024px) 100vw, 1024px\" \/><\/figure>\n<\/div>\n\n\n\n<div class=\"wp-block-column is-layout-flow wp-block-column-is-layout-flow\">\n<figure class=\"wp-block-image size-large\"><img loading=\"lazy\" decoding=\"async\" width=\"1024\" height=\"737\" src=\"https:\/\/aeno.studio\/wp-content\/uploads\/2025\/11\/625186236901607.68f600cc29924-2-1024x737.webp\" alt=\"\" class=\"wp-image-196\" srcset=\"https:\/\/aeno.studio\/wp-content\/uploads\/2025\/11\/625186236901607.68f600cc29924-2-1024x737.webp 1024w, https:\/\/aeno.studio\/wp-content\/uploads\/2025\/11\/625186236901607.68f600cc29924-2-300x216.webp 300w, https:\/\/aeno.studio\/wp-content\/uploads\/2025\/11\/625186236901607.68f600cc29924-2-768x553.webp 768w, https:\/\/aeno.studio\/wp-content\/uploads\/2025\/11\/625186236901607.68f600cc29924-2.webp 1400w\" sizes=\"(max-width: 1024px) 100vw, 1024px\" \/><\/figure>\n<\/div>\n<\/div>\n\n\n\n<figure class=\"wp-block-embed alignwide is-type-video is-provider-youtube wp-block-embed-youtube wp-embed-aspect-4-3 wp-has-aspect-ratio\"><div class=\"wp-block-embed__wrapper\">\n<iframe title=\"Mossa Collection 3D Visualization\" width=\"500\" height=\"375\" src=\"https:\/\/www.youtube.com\/embed\/OyD0nQeGpJk?feature=oembed\" frameborder=\"0\" allow=\"accelerometer; autoplay; clipboard-write; encrypted-media; gyroscope; picture-in-picture; web-share\" referrerpolicy=\"strict-origin-when-cross-origin\" allowfullscreen><\/iframe>\n<\/div><\/figure>\n\n\n\n<div class=\"wp-block-columns alignwide is-layout-flex wp-container-core-columns-is-layout-28f84493 wp-block-columns-is-layout-flex\">\n<div class=\"wp-block-column is-layout-flow wp-block-column-is-layout-flow\">\n<figure class=\"wp-block-image size-large\"><img loading=\"lazy\" decoding=\"async\" width=\"1024\" height=\"819\" src=\"https:\/\/aeno.studio\/wp-content\/uploads\/2025\/11\/acdd92234489019.68c426035b3c0-1024x819.webp\" alt=\"\" class=\"wp-image-199\" srcset=\"https:\/\/aeno.studio\/wp-content\/uploads\/2025\/11\/acdd92234489019.68c426035b3c0-1024x819.webp 1024w, https:\/\/aeno.studio\/wp-content\/uploads\/2025\/11\/acdd92234489019.68c426035b3c0-300x240.webp 300w, https:\/\/aeno.studio\/wp-content\/uploads\/2025\/11\/acdd92234489019.68c426035b3c0-768x614.webp 768w, https:\/\/aeno.studio\/wp-content\/uploads\/2025\/11\/acdd92234489019.68c426035b3c0.webp 1400w\" sizes=\"(max-width: 1024px) 100vw, 1024px\" \/><\/figure>\n<\/div>\n\n\n\n<div class=\"wp-block-column is-layout-flow wp-block-column-is-layout-flow\">\n<figure class=\"wp-block-image size-large\"><img loading=\"lazy\" decoding=\"async\" width=\"1024\" height=\"819\" src=\"https:\/\/aeno.studio\/wp-content\/uploads\/2025\/11\/baf0fc234489019.68c426035a1d7-2-1024x819.webp\" alt=\"\" class=\"wp-image-200\" srcset=\"https:\/\/aeno.studio\/wp-content\/uploads\/2025\/11\/baf0fc234489019.68c426035a1d7-2-1024x819.webp 1024w, https:\/\/aeno.studio\/wp-content\/uploads\/2025\/11\/baf0fc234489019.68c426035a1d7-2-300x240.webp 300w, https:\/\/aeno.studio\/wp-content\/uploads\/2025\/11\/baf0fc234489019.68c426035a1d7-2-768x614.webp 768w, https:\/\/aeno.studio\/wp-content\/uploads\/2025\/11\/baf0fc234489019.68c426035a1d7-2.webp 1400w\" sizes=\"(max-width: 1024px) 100vw, 1024px\" \/><\/figure>\n<\/div>\n<\/div>\n\n\n\n<figure class=\"wp-block-embed alignwide is-type-video is-provider-youtube wp-block-embed-youtube wp-embed-aspect-4-3 wp-has-aspect-ratio\"><div class=\"wp-block-embed__wrapper\">\n<iframe title=\"Palette Collection 3D Visualization\" width=\"500\" height=\"375\" src=\"https:\/\/www.youtube.com\/embed\/YKplreRWRNM?feature=oembed\" frameborder=\"0\" allow=\"accelerometer; autoplay; clipboard-write; encrypted-media; gyroscope; picture-in-picture; web-share\" referrerpolicy=\"strict-origin-when-cross-origin\" allowfullscreen><\/iframe>\n<\/div><\/figure>\n\n\n\n<div class=\"wp-block-columns is-layout-flex wp-container-core-columns-is-layout-28f84493 wp-block-columns-is-layout-flex\">\n<div class=\"wp-block-column is-layout-flow wp-block-column-is-layout-flow\">\n<div class=\"wp-block-columns is-layout-flex wp-container-core-columns-is-layout-28f84493 wp-block-columns-is-layout-flex\">\n<div class=\"wp-block-column is-layout-flow wp-block-column-is-layout-flow\"><\/div>\n<\/div>\n<\/div>\n<\/div>\n\n\n\n<div class=\"wp-block-columns is-layout-flex wp-container-core-columns-is-layout-28f84493 wp-block-columns-is-layout-flex\">\n<div class=\"wp-block-column is-layout-flow wp-block-column-is-layout-flow\"><\/div>\n<\/div>\n\n\n\n<div class=\"wp-block-columns is-layout-flex wp-container-core-columns-is-layout-28f84493 wp-block-columns-is-layout-flex\">\n<div class=\"wp-block-column is-layout-flow wp-block-column-is-layout-flow\"><\/div>\n<\/div>\n\n\n\n<div class=\"wp-block-columns is-layout-flex wp-container-core-columns-is-layout-28f84493 wp-block-columns-is-layout-flex\">\n<div class=\"wp-block-column is-layout-flow wp-block-column-is-layout-flow\"><\/div>\n<\/div>\n\n\n\n<p class=\"has-text-align-center\" style=\"font-size:clamp(1.403rem, 1.403rem + ((1vw - 0.2rem) * 1.495), 2.3rem);font-style:normal;font-weight:700\">Animacje reklamowe 3D<\/p>\n\n\n\n<p>Tworzenie animacji w technologii 3D. Wszystko zaczyna si\u0119 od koncepcji, kolejne etapy to <strong>modelowanie<\/strong>, <strong>tekstury<\/strong>, <strong>\u015bwiat\u0142o<\/strong> i <strong>rendering<\/strong>.<\/p>\n\n\n\n<div class=\"wp-block-columns alignwide is-layout-flex wp-container-core-columns-is-layout-28f84493 wp-block-columns-is-layout-flex\">\n<div class=\"wp-block-column is-layout-flow wp-block-column-is-layout-flow\">\n<figure class=\"wp-block-image size-large\"><img loading=\"lazy\" decoding=\"async\" width=\"1024\" height=\"576\" src=\"https:\/\/aeno.studio\/wp-content\/uploads\/2025\/11\/vshape_01-1024x576.jpg\" alt=\"\" class=\"wp-image-213\" srcset=\"https:\/\/aeno.studio\/wp-content\/uploads\/2025\/11\/vshape_01-1024x576.jpg 1024w, https:\/\/aeno.studio\/wp-content\/uploads\/2025\/11\/vshape_01-300x169.jpg 300w, https:\/\/aeno.studio\/wp-content\/uploads\/2025\/11\/vshape_01-768x432.jpg 768w, https:\/\/aeno.studio\/wp-content\/uploads\/2025\/11\/vshape_01.jpg 1330w\" sizes=\"(max-width: 1024px) 100vw, 1024px\" \/><\/figure>\n<\/div>\n\n\n\n<div class=\"wp-block-column is-layout-flow wp-block-column-is-layout-flow\">\n<figure class=\"wp-block-image size-large\"><img loading=\"lazy\" decoding=\"async\" width=\"1024\" height=\"576\" src=\"https:\/\/aeno.studio\/wp-content\/uploads\/2025\/11\/vshape_02-1024x576.jpg\" alt=\"\" class=\"wp-image-214\" srcset=\"https:\/\/aeno.studio\/wp-content\/uploads\/2025\/11\/vshape_02-1024x576.jpg 1024w, https:\/\/aeno.studio\/wp-content\/uploads\/2025\/11\/vshape_02-300x169.jpg 300w, https:\/\/aeno.studio\/wp-content\/uploads\/2025\/11\/vshape_02-768x432.jpg 768w, https:\/\/aeno.studio\/wp-content\/uploads\/2025\/11\/vshape_02.jpg 1330w\" sizes=\"(max-width: 1024px) 100vw, 1024px\" \/><\/figure>\n<\/div>\n<\/div>\n\n\n\n<div class=\"wp-block-columns alignwide is-layout-flex wp-container-core-columns-is-layout-28f84493 wp-block-columns-is-layout-flex\">\n<div class=\"wp-block-column is-layout-flow wp-block-column-is-layout-flow\">\n<figure class=\"wp-block-image size-large\"><img loading=\"lazy\" decoding=\"async\" width=\"1024\" height=\"576\" src=\"https:\/\/aeno.studio\/wp-content\/uploads\/2025\/11\/vshape_03-1024x576.jpg\" alt=\"\" class=\"wp-image-215\" srcset=\"https:\/\/aeno.studio\/wp-content\/uploads\/2025\/11\/vshape_03-1024x576.jpg 1024w, https:\/\/aeno.studio\/wp-content\/uploads\/2025\/11\/vshape_03-300x169.jpg 300w, https:\/\/aeno.studio\/wp-content\/uploads\/2025\/11\/vshape_03-768x432.jpg 768w, https:\/\/aeno.studio\/wp-content\/uploads\/2025\/11\/vshape_03.jpg 1330w\" sizes=\"(max-width: 1024px) 100vw, 1024px\" \/><\/figure>\n<\/div>\n\n\n\n<div class=\"wp-block-column is-layout-flow wp-block-column-is-layout-flow\">\n<figure class=\"wp-block-image size-large\"><img loading=\"lazy\" decoding=\"async\" width=\"1024\" height=\"576\" src=\"https:\/\/aeno.studio\/wp-content\/uploads\/2025\/11\/vshape_04-1024x576.jpg\" alt=\"\" class=\"wp-image-216\" srcset=\"https:\/\/aeno.studio\/wp-content\/uploads\/2025\/11\/vshape_04-1024x576.jpg 1024w, https:\/\/aeno.studio\/wp-content\/uploads\/2025\/11\/vshape_04-300x169.jpg 300w, https:\/\/aeno.studio\/wp-content\/uploads\/2025\/11\/vshape_04-768x432.jpg 768w, https:\/\/aeno.studio\/wp-content\/uploads\/2025\/11\/vshape_04.jpg 1330w\" sizes=\"(max-width: 1024px) 100vw, 1024px\" \/><\/figure>\n<\/div>\n<\/div>\n\n\n\n<figure class=\"wp-block-embed alignwide is-type-video is-provider-youtube wp-block-embed-youtube wp-embed-aspect-16-9 wp-has-aspect-ratio\"><div class=\"wp-block-embed__wrapper\">\n<iframe title=\"V-shape Commercial Video\" width=\"500\" height=\"281\" src=\"https:\/\/www.youtube.com\/embed\/tVUrtwZp_7g?feature=oembed\" frameborder=\"0\" allow=\"accelerometer; autoplay; clipboard-write; encrypted-media; gyroscope; picture-in-picture; web-share\" referrerpolicy=\"strict-origin-when-cross-origin\" allowfullscreen><\/iframe>\n<\/div><\/figure>\n<\/div>\n\n\n\n<div class=\"wp-block-columns is-layout-flex wp-container-core-columns-is-layout-28f84493 wp-block-columns-is-layout-flex\">\n<div class=\"wp-block-column is-layout-flow wp-block-column-is-layout-flow\"><\/div>\n<\/div>\n\n\n\n<div class=\"wp-block-columns alignwide is-layout-flex wp-container-core-columns-is-layout-28f84493 wp-block-columns-is-layout-flex\">\n<div class=\"wp-block-column is-layout-flow wp-block-column-is-layout-flow\">\n<figure class=\"wp-block-image size-large\"><img loading=\"lazy\" decoding=\"async\" width=\"1024\" height=\"576\" src=\"https:\/\/aeno.studio\/wp-content\/uploads\/2025\/11\/lamania_03-1024x576.jpg\" alt=\"\" class=\"wp-image-218\" srcset=\"https:\/\/aeno.studio\/wp-content\/uploads\/2025\/11\/lamania_03-1024x576.jpg 1024w, https:\/\/aeno.studio\/wp-content\/uploads\/2025\/11\/lamania_03-300x169.jpg 300w, https:\/\/aeno.studio\/wp-content\/uploads\/2025\/11\/lamania_03-768x432.jpg 768w, https:\/\/aeno.studio\/wp-content\/uploads\/2025\/11\/lamania_03.jpg 1330w\" sizes=\"(max-width: 1024px) 100vw, 1024px\" \/><\/figure>\n<\/div>\n\n\n\n<div class=\"wp-block-column is-layout-flow wp-block-column-is-layout-flow\">\n<figure class=\"wp-block-image size-large\"><img loading=\"lazy\" decoding=\"async\" width=\"1024\" height=\"576\" src=\"https:\/\/aeno.studio\/wp-content\/uploads\/2025\/11\/lamania_02-1024x576.jpg\" alt=\"\" class=\"wp-image-219\" srcset=\"https:\/\/aeno.studio\/wp-content\/uploads\/2025\/11\/lamania_02-1024x576.jpg 1024w, https:\/\/aeno.studio\/wp-content\/uploads\/2025\/11\/lamania_02-300x169.jpg 300w, https:\/\/aeno.studio\/wp-content\/uploads\/2025\/11\/lamania_02-768x432.jpg 768w, https:\/\/aeno.studio\/wp-content\/uploads\/2025\/11\/lamania_02.jpg 1330w\" sizes=\"(max-width: 1024px) 100vw, 1024px\" \/><\/figure>\n<\/div>\n<\/div>\n\n\n\n<div class=\"wp-block-columns alignwide is-layout-flex wp-container-core-columns-is-layout-28f84493 wp-block-columns-is-layout-flex\">\n<div class=\"wp-block-column is-layout-flow wp-block-column-is-layout-flow\">\n<figure class=\"wp-block-image size-large\"><img loading=\"lazy\" decoding=\"async\" width=\"1024\" height=\"576\" src=\"https:\/\/aeno.studio\/wp-content\/uploads\/2025\/11\/lamania_04-1024x576.jpg\" alt=\"\" class=\"wp-image-220\" srcset=\"https:\/\/aeno.studio\/wp-content\/uploads\/2025\/11\/lamania_04-1024x576.jpg 1024w, https:\/\/aeno.studio\/wp-content\/uploads\/2025\/11\/lamania_04-300x169.jpg 300w, https:\/\/aeno.studio\/wp-content\/uploads\/2025\/11\/lamania_04-768x432.jpg 768w, https:\/\/aeno.studio\/wp-content\/uploads\/2025\/11\/lamania_04.jpg 1330w\" sizes=\"(max-width: 1024px) 100vw, 1024px\" \/><\/figure>\n<\/div>\n\n\n\n<div class=\"wp-block-column is-layout-flow wp-block-column-is-layout-flow\">\n<figure class=\"wp-block-image size-large\"><img loading=\"lazy\" decoding=\"async\" width=\"1024\" height=\"576\" src=\"https:\/\/aeno.studio\/wp-content\/uploads\/2025\/11\/lamania_01-1024x576.jpg\" alt=\"\" class=\"wp-image-221\" srcset=\"https:\/\/aeno.studio\/wp-content\/uploads\/2025\/11\/lamania_01-1024x576.jpg 1024w, https:\/\/aeno.studio\/wp-content\/uploads\/2025\/11\/lamania_01-300x169.jpg 300w, https:\/\/aeno.studio\/wp-content\/uploads\/2025\/11\/lamania_01-768x432.jpg 768w, https:\/\/aeno.studio\/wp-content\/uploads\/2025\/11\/lamania_01.jpg 1330w\" sizes=\"(max-width: 1024px) 100vw, 1024px\" \/><\/figure>\n<\/div>\n<\/div>\n\n\n\n<figure class=\"wp-block-embed alignwide is-type-video is-provider-youtube wp-block-embed-youtube wp-embed-aspect-4-3 wp-has-aspect-ratio\"><div class=\"wp-block-embed__wrapper\">\n<iframe title=\"Harmony Concept Commercial\" width=\"500\" height=\"375\" src=\"https:\/\/www.youtube.com\/embed\/Gy_IYSF3aYQ?feature=oembed\" frameborder=\"0\" allow=\"accelerometer; autoplay; clipboard-write; encrypted-media; gyroscope; picture-in-picture; web-share\" referrerpolicy=\"strict-origin-when-cross-origin\" allowfullscreen><\/iframe>\n<\/div><\/figure>\n\n\n\n<div class=\"wp-block-columns is-layout-flex wp-container-core-columns-is-layout-28f84493 wp-block-columns-is-layout-flex\">\n<div class=\"wp-block-column is-layout-flow wp-block-column-is-layout-flow\"><\/div>\n<\/div>\n\n\n\n<div class=\"wp-block-columns alignwide is-layout-flex wp-container-core-columns-is-layout-28f84493 wp-block-columns-is-layout-flex\">\n<div class=\"wp-block-column is-layout-flow wp-block-column-is-layout-flow\">\n<figure class=\"wp-block-image size-large\"><img loading=\"lazy\" decoding=\"async\" width=\"1024\" height=\"576\" src=\"https:\/\/aeno.studio\/wp-content\/uploads\/2025\/11\/ultime_01-1024x576.jpg\" alt=\"\" class=\"wp-image-223\" srcset=\"https:\/\/aeno.studio\/wp-content\/uploads\/2025\/11\/ultime_01-1024x576.jpg 1024w, https:\/\/aeno.studio\/wp-content\/uploads\/2025\/11\/ultime_01-300x169.jpg 300w, https:\/\/aeno.studio\/wp-content\/uploads\/2025\/11\/ultime_01-768x432.jpg 768w, https:\/\/aeno.studio\/wp-content\/uploads\/2025\/11\/ultime_01.jpg 1330w\" sizes=\"(max-width: 1024px) 100vw, 1024px\" \/><\/figure>\n<\/div>\n\n\n\n<div class=\"wp-block-column is-layout-flow wp-block-column-is-layout-flow\">\n<figure class=\"wp-block-image size-large\"><img loading=\"lazy\" decoding=\"async\" width=\"1024\" height=\"576\" src=\"https:\/\/aeno.studio\/wp-content\/uploads\/2025\/11\/ultime_02-1024x576.jpg\" alt=\"\" class=\"wp-image-224\" srcset=\"https:\/\/aeno.studio\/wp-content\/uploads\/2025\/11\/ultime_02-1024x576.jpg 1024w, https:\/\/aeno.studio\/wp-content\/uploads\/2025\/11\/ultime_02-300x169.jpg 300w, https:\/\/aeno.studio\/wp-content\/uploads\/2025\/11\/ultime_02-768x432.jpg 768w, https:\/\/aeno.studio\/wp-content\/uploads\/2025\/11\/ultime_02.jpg 1330w\" sizes=\"(max-width: 1024px) 100vw, 1024px\" \/><\/figure>\n<\/div>\n<\/div>\n\n\n\n<div class=\"wp-block-columns alignwide is-layout-flex wp-container-core-columns-is-layout-28f84493 wp-block-columns-is-layout-flex\">\n<div class=\"wp-block-column is-layout-flow wp-block-column-is-layout-flow\">\n<figure class=\"wp-block-image size-large\"><img loading=\"lazy\" decoding=\"async\" width=\"1024\" height=\"576\" src=\"https:\/\/aeno.studio\/wp-content\/uploads\/2025\/11\/ultime_03-1024x576.jpg\" alt=\"\" class=\"wp-image-225\" srcset=\"https:\/\/aeno.studio\/wp-content\/uploads\/2025\/11\/ultime_03-1024x576.jpg 1024w, https:\/\/aeno.studio\/wp-content\/uploads\/2025\/11\/ultime_03-300x169.jpg 300w, https:\/\/aeno.studio\/wp-content\/uploads\/2025\/11\/ultime_03-768x432.jpg 768w, https:\/\/aeno.studio\/wp-content\/uploads\/2025\/11\/ultime_03.jpg 1330w\" sizes=\"(max-width: 1024px) 100vw, 1024px\" \/><\/figure>\n<\/div>\n\n\n\n<div class=\"wp-block-column is-layout-flow wp-block-column-is-layout-flow\">\n<figure class=\"wp-block-image size-large\"><img loading=\"lazy\" decoding=\"async\" width=\"1024\" height=\"576\" src=\"https:\/\/aeno.studio\/wp-content\/uploads\/2025\/11\/ultime_04-1024x576.jpg\" alt=\"\" class=\"wp-image-226\" srcset=\"https:\/\/aeno.studio\/wp-content\/uploads\/2025\/11\/ultime_04-1024x576.jpg 1024w, https:\/\/aeno.studio\/wp-content\/uploads\/2025\/11\/ultime_04-300x169.jpg 300w, https:\/\/aeno.studio\/wp-content\/uploads\/2025\/11\/ultime_04-768x432.jpg 768w, https:\/\/aeno.studio\/wp-content\/uploads\/2025\/11\/ultime_04.jpg 1330w\" sizes=\"(max-width: 1024px) 100vw, 1024px\" \/><\/figure>\n<\/div>\n<\/div>\n\n\n\n<figure class=\"wp-block-embed alignwide is-type-video is-provider-youtube wp-block-embed-youtube wp-embed-aspect-16-9 wp-has-aspect-ratio\"><div class=\"wp-block-embed__wrapper\">\n<iframe title=\"Ultime concept commercial video\" width=\"500\" height=\"281\" src=\"https:\/\/www.youtube.com\/embed\/IB3Fchv9xbI?feature=oembed\" frameborder=\"0\" allow=\"accelerometer; autoplay; clipboard-write; encrypted-media; gyroscope; picture-in-picture; web-share\" referrerpolicy=\"strict-origin-when-cross-origin\" allowfullscreen><\/iframe>\n<\/div><\/figure>\n","protected":false},"excerpt":{"rendered":"<p>Animacje 3D wn\u0119trz Tworzenie animacji w technologii 3D. Wszystko zaczyna si\u0119 od koncepcji, kolejne etapy to modelowanie, tekstury, \u015bwiat\u0142o i rendering. Animacje reklamowe 3D Tworzenie animacji w technologii 3D. Wszystko zaczyna si\u0119 od koncepcji, kolejne etapy to modelowanie, tekstury, \u015bwiat\u0142o i rendering.<\/p>\n","protected":false},"author":1,"featured_media":0,"parent":0,"menu_order":0,"comment_status":"closed","ping_status":"closed","template":"","meta":{"footnotes":""},"class_list":["post-11","page","type-page","status-publish","hentry"],"_links":{"self":[{"href":"https:\/\/aeno.studio\/index.php\/wp-json\/wp\/v2\/pages\/11","targetHints":{"allow":["GET"]}}],"collection":[{"href":"https:\/\/aeno.studio\/index.php\/wp-json\/wp\/v2\/pages"}],"about":[{"href":"https:\/\/aeno.studio\/index.php\/wp-json\/wp\/v2\/types\/page"}],"author":[{"embeddable":true,"href":"https:\/\/aeno.studio\/index.php\/wp-json\/wp\/v2\/users\/1"}],"replies":[{"embeddable":true,"href":"https:\/\/aeno.studio\/index.php\/wp-json\/wp\/v2\/comments?post=11"}],"version-history":[{"count":47,"href":"https:\/\/aeno.studio\/index.php\/wp-json\/wp\/v2\/pages\/11\/revisions"}],"predecessor-version":[{"id":235,"href":"https:\/\/aeno.studio\/index.php\/wp-json\/wp\/v2\/pages\/11\/revisions\/235"}],"wp:attachment":[{"href":"https:\/\/aeno.studio\/index.php\/wp-json\/wp\/v2\/media?parent=11"}],"curies":[{"name":"wp","href":"https:\/\/api.w.org\/{rel}","templated":true}]}}