{"id":69,"date":"2025-11-11T16:50:37","date_gmt":"2025-11-11T16:50:37","guid":{"rendered":"http:\/\/aeno.studio\/?page_id=69"},"modified":"2025-11-14T19:54:11","modified_gmt":"2025-11-14T19:54:11","slug":"home-2","status":"publish","type":"page","link":"https:\/\/aeno.studio\/","title":{"rendered":""},"content":{"rendered":"\n<div class=\"wp-block-cover alignfull is-light\" style=\"padding-top:0;padding-right:var(--wp--preset--spacing--50);padding-bottom:0;padding-left:var(--wp--preset--spacing--50);min-height:100vh;aspect-ratio:unset;\"><img fetchpriority=\"high\" decoding=\"async\" width=\"2560\" height=\"1538\" class=\"wp-block-cover__image-background wp-image-173 size-full\" alt=\"\" src=\"https:\/\/aeno.studio\/wp-content\/uploads\/2025\/11\/graphic-designer3-scaled.jpg\" data-object-fit=\"cover\" srcset=\"https:\/\/aeno.studio\/wp-content\/uploads\/2025\/11\/graphic-designer3-scaled.jpg 2560w, https:\/\/aeno.studio\/wp-content\/uploads\/2025\/11\/graphic-designer3-300x180.jpg 300w, https:\/\/aeno.studio\/wp-content\/uploads\/2025\/11\/graphic-designer3-1024x615.jpg 1024w, https:\/\/aeno.studio\/wp-content\/uploads\/2025\/11\/graphic-designer3-768x461.jpg 768w, https:\/\/aeno.studio\/wp-content\/uploads\/2025\/11\/graphic-designer3-1536x923.jpg 1536w, https:\/\/aeno.studio\/wp-content\/uploads\/2025\/11\/graphic-designer3-2048x1230.jpg 2048w\" sizes=\"(max-width: 2560px) 100vw, 2560px\" \/><span aria-hidden=\"true\" class=\"wp-block-cover__background has-base-background-color has-background-dim-0 has-background-dim\"><\/span><div class=\"wp-block-cover__inner-container is-layout-flow wp-block-cover-is-layout-flow\">\n<div style=\"height:500px\" aria-hidden=\"true\" class=\"wp-block-spacer\"><\/div>\n<\/div><\/div>\n\n\n\n<div class=\"wp-block-group alignfull has-base-background-color has-background has-global-padding is-layout-constrained wp-container-core-group-is-layout-99dfd1df wp-block-group-is-layout-constrained\" style=\"margin-top:0;margin-bottom:0;padding-top:var(--wp--preset--spacing--50);padding-right:var(--wp--preset--spacing--50);padding-bottom:var(--wp--preset--spacing--30);padding-left:var(--wp--preset--spacing--50)\">\n<div class=\"wp-block-columns alignwide is-layout-flex wp-container-core-columns-is-layout-549b0c86 wp-block-columns-is-layout-flex\">\n<div class=\"wp-block-column has-global-padding is-content-justification-left is-layout-constrained wp-container-core-column-is-layout-4f15e8fe wp-block-column-is-layout-constrained\" style=\"flex-basis:40%\">\n<p class=\"has-accent-3-color has-text-color has-link-color wp-elements-7a6f9296db322d264a2a0c4aebba0491\">Witaj na mojej stronie.<\/p>\n<\/div>\n\n\n\n<div class=\"wp-block-column is-layout-flow wp-container-core-column-is-layout-119bc444 wp-block-column-is-layout-flow\" style=\"flex-basis:60%\">\n<p class=\"has-body-font-family has-x-large-font-size\" style=\"font-style:normal;font-weight:600;line-height:1.2\">Nowoczesny design, kt\u00f3ry wzmacnia przekaz i wyr\u00f3\u017cnia na rynku. Wizualizacje 3D, kt\u00f3re przyci\u0105gaj\u0105 uwag\u0119.<\/p>\n\n\n\n<div class=\"wp-block-columns is-layout-flex wp-container-core-columns-is-layout-87beb0d0 wp-block-columns-is-layout-flex\">\n<div class=\"wp-block-column is-layout-flow wp-block-column-is-layout-flow\">\n<p class=\"wp-container-content-9cfa9a5a\">Oferuj\u0119 profesjonalne us\u0142ugi grafiki komputerowej, \u0142\u0105cz\u0105c klasyczne projektowanie z nowoczesnymi mo\u017cliwo\u015bciami AI. Specjalizuj\u0119 si\u0119 w tworzeniu realistycznych wizualizacji 3D wn\u0119trz, kt\u00f3re pozwalaj\u0105 zobaczy\u0107 przysz\u0142e aran\u017cacje w szczeg\u00f3\u0142ach \u2013 jeszcze przed realizacj\u0105. Wykonuj\u0119 r\u00f3wnie\u017c animacje 3D, idealne do prezentacji projekt\u00f3w, produkt\u00f3w i koncepcji przestrzennych.<\/p>\n<\/div>\n\n\n\n<div class=\"wp-block-column is-layout-flow wp-block-column-is-layout-flow\">\n<p>Dostarczam szeroki zakres materia\u0142\u00f3w marketingowych: wizyt\u00f3wki, ulotki, katalogi, prezentacje produktowe, newslettery oraz reklamy wielkoformatowe, dbaj\u0105c o sp\u00f3jn\u0105 <br>i atrakcyjn\u0105 identyfikacj\u0119 wizualn\u0105 Twojej marki. Projektuj\u0119 tak\u017ce rozwi\u0105zania ekspozycyjne i przygotowuj\u0119 ich fotorealistyczne wizualizacje, dzi\u0119ki kt\u00f3rym skutecznie zaprezentujesz swoje produkty w przestrzeni handlowej.<\/p>\n<\/div>\n<\/div>\n<\/div>\n<\/div>\n\n\n\n<div class=\"wp-block-columns is-layout-flex wp-container-core-columns-is-layout-28f84493 wp-block-columns-is-layout-flex\">\n<div class=\"wp-block-column is-layout-flow wp-block-column-is-layout-flow\"><\/div>\n<\/div>\n\n\n\n<div class=\"wp-block-columns is-layout-flex wp-container-core-columns-is-layout-28f84493 wp-block-columns-is-layout-flex\">\n<div class=\"wp-block-column is-layout-flow wp-block-column-is-layout-flow\"><\/div>\n<\/div>\n\n\n\n<div class=\"wp-block-columns is-layout-flex wp-container-core-columns-is-layout-28f84493 wp-block-columns-is-layout-flex\">\n<div class=\"wp-block-column is-layout-flow wp-block-column-is-layout-flow\"><\/div>\n<\/div>\n<\/div>\n\n\n\n<div class=\"wp-block-group alignfull has-base-2-color has-contrast-background-color has-text-color has-background has-link-color wp-elements-b097547142d58aff79c90772b5a5e15b has-global-padding is-layout-constrained wp-container-core-group-is-layout-99dfd1df wp-block-group-is-layout-constrained\" style=\"margin-top:0;margin-bottom:0;padding-top:var(--wp--preset--spacing--50);padding-right:var(--wp--preset--spacing--50);padding-bottom:var(--wp--preset--spacing--30);padding-left:var(--wp--preset--spacing--50)\">\n<div class=\"wp-block-columns alignwide is-layout-flex wp-container-core-columns-is-layout-549b0c86 wp-block-columns-is-layout-flex\">\n<div class=\"wp-block-column is-layout-flow wp-container-core-column-is-layout-119bc444 wp-block-column-is-layout-flow\" style=\"flex-basis:60%\">\n<p class=\"has-accent-3-color has-text-color has-link-color wp-elements-63d7572d3f3ef23b5c8628b5198dfa3c\">Wiele mo\u017cliwo\u015bci<\/p>\n\n\n\n<p class=\"has-body-font-family has-x-large-font-size\" style=\"padding-top:0;padding-bottom:0;font-style:normal;font-weight:600;line-height:1.2\">Przyk\u0142adowe <br>realizacje<\/p>\n\n\n\n<div class=\"wp-block-columns is-layout-flex wp-container-core-columns-is-layout-87beb0d0 wp-block-columns-is-layout-flex\">\n<div class=\"wp-block-column is-layout-flow wp-block-column-is-layout-flow\">\n<figure class=\"wp-block-image size-large\"><img decoding=\"async\" width=\"1024\" height=\"737\" src=\"https:\/\/aeno.studio\/wp-content\/uploads\/2025\/11\/2811d4214174425.6753042fe898c-1024x737.webp\" alt=\"\" class=\"wp-image-376\" srcset=\"https:\/\/aeno.studio\/wp-content\/uploads\/2025\/11\/2811d4214174425.6753042fe898c-1024x737.webp 1024w, https:\/\/aeno.studio\/wp-content\/uploads\/2025\/11\/2811d4214174425.6753042fe898c-300x216.webp 300w, https:\/\/aeno.studio\/wp-content\/uploads\/2025\/11\/2811d4214174425.6753042fe898c-768x553.webp 768w, https:\/\/aeno.studio\/wp-content\/uploads\/2025\/11\/2811d4214174425.6753042fe898c.webp 1400w\" sizes=\"(max-width: 1024px) 100vw, 1024px\" \/><\/figure>\n\n\n\n<p class=\"wp-container-content-9cfa9a5a\">Wizualizacja 3D wn\u0119trza to umiej\u0119tno\u015b\u0107 nadawania przestrzeni cyfrowego \u017cycia. Dzi\u0119ki odpowiedniemu \u015bwiat\u0142u, materia\u0142om i kompozycji projekt staje si\u0119 namacalny, a przysz\u0142e wn\u0119trze mo\u017cna poczu\u0107 jeszcze przed jego realizacj\u0105.<\/p>\n<\/div>\n\n\n\n<div class=\"wp-block-column is-layout-flow wp-block-column-is-layout-flow\">\n<figure class=\"wp-block-image size-large\"><img decoding=\"async\" width=\"1024\" height=\"731\" src=\"https:\/\/aeno.studio\/wp-content\/uploads\/2025\/11\/trendbook_open-1024x731.jpg\" alt=\"\" class=\"wp-image-73\" srcset=\"https:\/\/aeno.studio\/wp-content\/uploads\/2025\/11\/trendbook_open-1024x731.jpg 1024w, https:\/\/aeno.studio\/wp-content\/uploads\/2025\/11\/trendbook_open-300x214.jpg 300w, https:\/\/aeno.studio\/wp-content\/uploads\/2025\/11\/trendbook_open-768x549.jpg 768w, https:\/\/aeno.studio\/wp-content\/uploads\/2025\/11\/trendbook_open-1536x1097.jpg 1536w, https:\/\/aeno.studio\/wp-content\/uploads\/2025\/11\/trendbook_open-2048x1463.jpg 2048w\" sizes=\"(max-width: 1024px) 100vw, 1024px\" \/><\/figure>\n\n\n\n<p>Projektowanie katalog\u00f3w polega na umiej\u0119tnym po\u0142\u0105czeniu klarownego uk\u0142adu, sp\u00f3jnej stylistyki i sugestywnych obraz\u00f3w, aby produkt prezentowa\u0142 si\u0119 estetycznie i przyci\u0105ga\u0142 uwag\u0119 odbiorcy.<\/p>\n<\/div>\n<\/div>\n<\/div>\n\n\n\n<div class=\"wp-block-column has-global-padding is-content-justification-left is-layout-constrained wp-container-core-column-is-layout-4f15e8fe wp-block-column-is-layout-constrained\" style=\"flex-basis:40%\">\n<p><\/p>\n<\/div>\n<\/div>\n\n\n\n<div class=\"wp-block-columns is-layout-flex wp-container-core-columns-is-layout-28f84493 wp-block-columns-is-layout-flex\">\n<div class=\"wp-block-column is-layout-flow wp-block-column-is-layout-flow\"><\/div>\n<\/div>\n\n\n\n<div class=\"wp-block-columns is-layout-flex wp-container-core-columns-is-layout-28f84493 wp-block-columns-is-layout-flex\">\n<div class=\"wp-block-column is-layout-flow wp-block-column-is-layout-flow\"><\/div>\n<\/div>\n\n\n\n<div class=\"wp-block-columns is-layout-flex wp-container-core-columns-is-layout-28f84493 wp-block-columns-is-layout-flex\">\n<div class=\"wp-block-column is-layout-flow wp-block-column-is-layout-flow\"><\/div>\n<\/div>\n<\/div>\n","protected":false},"excerpt":{"rendered":"<p>Witaj na mojej stronie. Nowoczesny design, kt\u00f3ry wzmacnia przekaz i wyr\u00f3\u017cnia na rynku. Wizualizacje 3D, kt\u00f3re przyci\u0105gaj\u0105 uwag\u0119. Oferuj\u0119 profesjonalne us\u0142ugi grafiki komputerowej, \u0142\u0105cz\u0105c klasyczne projektowanie z nowoczesnymi mo\u017cliwo\u015bciami AI. Specjalizuj\u0119 si\u0119 w tworzeniu realistycznych wizualizacji 3D wn\u0119trz, kt\u00f3re pozwalaj\u0105 zobaczy\u0107 przysz\u0142e aran\u017cacje w szczeg\u00f3\u0142ach \u2013 jeszcze przed realizacj\u0105. Wykonuj\u0119 r\u00f3wnie\u017c animacje 3D, idealne do [&hellip;]<\/p>\n","protected":false},"author":1,"featured_media":0,"parent":0,"menu_order":0,"comment_status":"closed","ping_status":"closed","template":"","meta":{"footnotes":""},"class_list":["post-69","page","type-page","status-publish","hentry"],"_links":{"self":[{"href":"https:\/\/aeno.studio\/index.php\/wp-json\/wp\/v2\/pages\/69","targetHints":{"allow":["GET"]}}],"collection":[{"href":"https:\/\/aeno.studio\/index.php\/wp-json\/wp\/v2\/pages"}],"about":[{"href":"https:\/\/aeno.studio\/index.php\/wp-json\/wp\/v2\/types\/page"}],"author":[{"embeddable":true,"href":"https:\/\/aeno.studio\/index.php\/wp-json\/wp\/v2\/users\/1"}],"replies":[{"embeddable":true,"href":"https:\/\/aeno.studio\/index.php\/wp-json\/wp\/v2\/comments?post=69"}],"version-history":[{"count":75,"href":"https:\/\/aeno.studio\/index.php\/wp-json\/wp\/v2\/pages\/69\/revisions"}],"predecessor-version":[{"id":386,"href":"https:\/\/aeno.studio\/index.php\/wp-json\/wp\/v2\/pages\/69\/revisions\/386"}],"wp:attachment":[{"href":"https:\/\/aeno.studio\/index.php\/wp-json\/wp\/v2\/media?parent=69"}],"curies":[{"name":"wp","href":"https:\/\/api.w.org\/{rel}","templated":true}]}}